{"id":22,"date":"2017-11-01T19:39:30","date_gmt":"2017-11-01T18:39:30","guid":{"rendered":"http:\/\/neu.seniorenzeithilfe-hattingen.de\/?page_id=22"},"modified":"2023-05-04T12:10:33","modified_gmt":"2023-05-04T11:10:33","slug":"besuchsdienst","status":"publish","type":"page","link":"http:\/\/neu.seniorenzeithilfe-hattingen.de\/?page_id=22","title":{"rendered":"Wir \u00fcber uns"},"content":{"rendered":"<p style=\"text-align: left;\"><strong><span class=\"auto-style1\"><span class=\"auto-style2\">R\u00fcckblick:<\/span><\/span><\/strong><\/p>\n<p style=\"text-align: left;\"><span class=\"auto-style1\"><span class=\"auto-style2\">Begonnen hat es 2005 mit der guten Idee, gewerbliche und caritative Dienstleistungen mit<\/span><\/span><span class=\"auto-style1\"><span class=\"auto-style2\"><br \/>\n\u201egeschenkter Zeit\u201c von Ehrenamtlichen zu erg\u00e4nzen. So entstand z.B. ein ehrenamtlicher<br \/>\nBesuchsdienst, der Senior:innen Teilhabe an den Angeboten in ihrer Stadt und manchmal<br \/>\nauch ganz praktische kleine Alltagshilfen bot. Diese Sparte erwies sich jedoch als nicht<br \/>\npandemiefest.<\/span><\/span><\/p>\n<p>Irgendwann kamen Erz\u00e4hlcaf\u00e9s dazu. Hier ging es v.a. um Austausch mit anderen: Unser<br \/>\njetziger Vorsitzender Rolf Potthoff hat diese Erz\u00e4hlcaf\u00e9s dann thematisch gepr\u00e4gt und<br \/>\nThemen zu aktuellen \u2013 oft auch politischen \u2013 Ereignissen und nat\u00fcrlich auch Vorschl\u00e4ge der<br \/>\nTeilnehmer:innen aufgegriffen.<\/p>\n<p>Im September wollen wir hier ankn\u00fcpfen und zu neuen spannenden Nachmittagen einladen.<\/p>\n<p style=\"text-align: left;\"><strong>Ver\u00e4nderungen:<\/strong><\/p>\n<p>Wie das Leben so spielt \u2013 am best\u00e4ndigsten ist die Ver\u00e4nderung.<br \/>\nCorona war auch bei uns ein echter Einschnitt. Der Besuchsdienst wandelte sich in einen<br \/>\ntelefonischen Besuchsdienst, f\u00fcr den die Seniorenzeithilfe einen Kooperationsvertrag mit der<br \/>\nStadt geschlossen hatte. Hier haben wir die Erfahrung gemacht, dass es wenig Menschen<br \/>\ngibt, die angerufen werden m\u00f6chten. Wir sind gespannt wie sich das Projekt ggf.<br \/>\nweiterentwickelt.<br \/>\nAuch im Vorstand hat es vor kurzem einen Wechsel gegeben:<br \/>\nErster Vorsitzender ist nach wie vor Rolf Potthoff, der zweite Vorsitzende ist Wilfried<br \/>\nMaehler, der bisher als Kassenpr\u00fcfer f\u00fcr die Seniorenzeithilfe t\u00e4tig war und nun Pia Grebe<br \/>\nabgel\u00f6st hat.<br \/>\nBei der letzten Jahreshauptversammlung sind verschiedene Satzungs\u00e4nderungen<br \/>\nbeschlossen worden, u.a.um den Verein zu modernisieren.<\/p>\n<p style=\"text-align: left;\"><strong>Wo wollen wir hin?<\/strong><\/p>\n<p style=\"text-align: left;\">\nDer Gedanke der Teilhabe in verschiedensten Projekten steht nach wie vor im Mittelpunkt.<br \/>\nErreichen m\u00f6chten wir das \u00fcber unsere Kursangebote, den<br \/>\nherausgegebenen Veranstaltungskalender und die Erz\u00e4hlcaf\u00e9s.<br \/>\nWenn es die personelle Situation wieder zul\u00e4sst, wollen wir nat\u00fcrlich auch gerne wieder<br \/>\neinen (telefonischen) Besuchsdienst anbieten.<br \/>\nEin wichtiges Ziel f\u00fcr die Zukunft ist es aber auch, die Anliegen der Senior:innen in der<br \/>\nStadtgesellschaft sichtbarer zu machen und zu vertreten.<\/p>\n","protected":false},"excerpt":{"rendered":"<p>R\u00fcckblick: Begonnen hat es 2005 mit der guten Idee, gewerbliche und caritative Dienstleistungen mit \u201egeschenkter Zeit\u201c von Ehrenamtlichen zu erg\u00e4nzen. So entstand z.B. ein ehrenamtlicher Besuchsdienst, der Senior:innen Teilhabe an den Angeboten in ihrer Stadt und manchmal auch ganz praktische kleine Alltagshilfen bot. Diese Sparte erwies sich jedoch als nicht pandemiefest. Irgendwann kamen Erz\u00e4hlcaf\u00e9s dazu. [&hellip;]<\/p>\n","protected":false},"author":1,"featured_media":0,"parent":0,"menu_order":2,"comment_status":"closed","ping_status":"closed","template":"","meta":{"footnotes":""},"class_list":["post-22","page","type-page","status-publish","hentry"],"_links":{"self":[{"href":"http:\/\/neu.seniorenzeithilfe-hattingen.de\/index.php?rest_route=\/wp\/v2\/pages\/22","targetHints":{"allow":["GET"]}}],"collection":[{"href":"http:\/\/neu.seniorenzeithilfe-hattingen.de\/index.php?rest_route=\/wp\/v2\/pages"}],"about":[{"href":"http:\/\/neu.seniorenzeithilfe-hattingen.de\/index.php?rest_route=\/wp\/v2\/types\/page"}],"author":[{"embeddable":true,"href":"http:\/\/neu.seniorenzeithilfe-hattingen.de\/index.php?rest_route=\/wp\/v2\/users\/1"}],"replies":[{"embeddable":true,"href":"http:\/\/neu.seniorenzeithilfe-hattingen.de\/index.php?rest_route=%2Fwp%2Fv2%2Fcomments&post=22"}],"version-history":[{"count":11,"href":"http:\/\/neu.seniorenzeithilfe-hattingen.de\/index.php?rest_route=\/wp\/v2\/pages\/22\/revisions"}],"predecessor-version":[{"id":356,"href":"http:\/\/neu.seniorenzeithilfe-hattingen.de\/index.php?rest_route=\/wp\/v2\/pages\/22\/revisions\/356"}],"wp:attachment":[{"href":"http:\/\/neu.seniorenzeithilfe-hattingen.de\/index.php?rest_route=%2Fwp%2Fv2%2Fmedia&parent=22"}],"curies":[{"name":"wp","href":"https:\/\/api.w.org\/{rel}","templated":true}]}}